{"id":44910,"date":"2022-06-02T09:40:51","date_gmt":"2022-06-02T09:40:51","guid":{"rendered":"https:\/\/demo25.houzez.co\/?page_id=44910"},"modified":"2025-04-25T14:47:49","modified_gmt":"2025-04-25T17:47:49","slug":"with-content-bottom","status":"publish","type":"page","link":"https:\/\/brunonevesimoveis.com.br\/?page_id=44910","title":{"rendered":"Conte\u00fado inferior"},"content":{"rendered":"\t\t<div data-elementor-type=\"wp-page\" data-elementor-id=\"44910\" class=\"elementor elementor-44910\">\n\t\t\t\t\t\t<section class=\"elementor-section elementor-top-section elementor-element elementor-element-7c8ae270 elementor-section-full_width elementor-section-height-default elementor-section-height-default\" data-id=\"7c8ae270\" data-element_type=\"section\" data-e-type=\"section\">\n\t\t\t\t\t\t<div class=\"elementor-container elementor-column-gap-default\">\n\t\t\t\t\t<div class=\"elementor-column elementor-col-100 elementor-top-column elementor-element elementor-element-53ccf6cb\" data-id=\"53ccf6cb\" data-element_type=\"column\" data-e-type=\"column\">\n\t\t\t<div class=\"elementor-widget-wrap elementor-element-populated\">\n\t\t\t\t\t\t<div class=\"elementor-element elementor-element-a651191 elementor-widget elementor-widget-text-editor\" data-id=\"a651191\" data-element_type=\"widget\" data-e-type=\"widget\" data-widget_type=\"text-editor.default\">\n\t\t\t\t<div class=\"elementor-widget-container\">\n\t\t\t\t\t\t\t\t\t\n<p>Seu novo lar te espera! Encontre o im\u00f3vel ideal com diversas op\u00e7\u00f5es para todos os estilos e necessidades.<\/p>\n<p>As melhores oportunidades de im\u00f3veis est\u00e3o aqui, descubra comigo! Eu tenho o im\u00f3vel perfeito para voc\u00ea.<\/p>\n\t\t\t\t\t\t\t\t<\/div>\n\t\t\t\t<\/div>\n\t\t\t\t\t<\/div>\n\t\t<\/div>\n\t\t\t\t\t<\/div>\n\t\t<\/section>\n\t\t\t\t<\/div>\n\t\t","protected":false},"excerpt":{"rendered":"<p>Seu novo lar te espera! Encontre o im\u00f3vel ideal com diversas op\u00e7\u00f5es para todos os estilos e necessidades. As melhores oportunidades de im\u00f3veis est\u00e3o aqui, descubra comigo! Eu tenho o im\u00f3vel perfeito para voc\u00ea.<\/p>\n","protected":false},"author":1,"featured_media":0,"parent":0,"menu_order":0,"comment_status":"closed","ping_status":"closed","template":"template\/template-listing-grid-v5-fullwidth-3cols.php","meta":{"content-type":"","_joinchat":[],"footnotes":""},"class_list":["post-44910","page","type-page","status-publish","hentry"],"aioseo_notices":[],"_links":{"self":[{"href":"https:\/\/brunonevesimoveis.com.br\/index.php?rest_route=\/wp\/v2\/pages\/44910","targetHints":{"allow":["GET"]}}],"collection":[{"href":"https:\/\/brunonevesimoveis.com.br\/index.php?rest_route=\/wp\/v2\/pages"}],"about":[{"href":"https:\/\/brunonevesimoveis.com.br\/index.php?rest_route=\/wp\/v2\/types\/page"}],"author":[{"embeddable":true,"href":"https:\/\/brunonevesimoveis.com.br\/index.php?rest_route=\/wp\/v2\/users\/1"}],"replies":[{"embeddable":true,"href":"https:\/\/brunonevesimoveis.com.br\/index.php?rest_route=%2Fwp%2Fv2%2Fcomments&post=44910"}],"version-history":[{"count":5,"href":"https:\/\/brunonevesimoveis.com.br\/index.php?rest_route=\/wp\/v2\/pages\/44910\/revisions"}],"predecessor-version":[{"id":45461,"href":"https:\/\/brunonevesimoveis.com.br\/index.php?rest_route=\/wp\/v2\/pages\/44910\/revisions\/45461"}],"wp:attachment":[{"href":"https:\/\/brunonevesimoveis.com.br\/index.php?rest_route=%2Fwp%2Fv2%2Fmedia&parent=44910"}],"curies":[{"name":"wp","href":"https:\/\/api.w.org\/{rel}","templated":true}]}}