{"id":43578,"date":"2025-04-20T18:54:13","date_gmt":"2025-04-20T21:54:13","guid":{"rendered":"https:\/\/demo25.houzez.co\/?page_id=43578"},"modified":"2025-05-11T12:05:40","modified_gmt":"2025-05-11T15:05:40","slug":"how-much-is-my-home-worth","status":"publish","type":"page","link":"https:\/\/brunonevesimoveis.com.br\/?page_id=43578","title":{"rendered":"Quanto vale seu im\u00f3vel?"},"content":{"rendered":"\t\t<div data-elementor-type=\"wp-page\" data-elementor-id=\"43578\" class=\"elementor elementor-43578\">\n\t\t\t\t\t\t<section class=\"elementor-section elementor-top-section elementor-element elementor-element-f9ef57d elementor-section-height-min-height elementor-section-items-stretch elementor-reverse-mobile elementor-section-boxed elementor-section-height-default elementor-invisible\" data-id=\"f9ef57d\" data-element_type=\"section\" data-e-type=\"section\" data-settings=\"{&quot;background_background&quot;:&quot;classic&quot;,&quot;animation&quot;:&quot;fadeIn&quot;}\">\n\t\t\t\t\t\t<div class=\"elementor-container elementor-column-gap-no\">\n\t\t\t\t\t<div class=\"elementor-column elementor-col-50 elementor-top-column elementor-element elementor-element-5bc462c\" data-id=\"5bc462c\" data-element_type=\"column\" data-e-type=\"column\">\n\t\t\t<div class=\"elementor-widget-wrap\">\n\t\t\t\t\t\t\t<\/div>\n\t\t<\/div>\n\t\t\t\t<div class=\"elementor-column elementor-col-50 elementor-top-column elementor-element elementor-element-2efb117\" data-id=\"2efb117\" data-element_type=\"column\" data-e-type=\"column\">\n\t\t\t<div class=\"elementor-widget-wrap elementor-element-populated\">\n\t\t\t\t\t\t<div class=\"elementor-element elementor-element-1e2d12d elementor-widget elementor-widget-Houzez_Banner_Image\" data-id=\"1e2d12d\" data-element_type=\"widget\" data-e-type=\"widget\" data-widget_type=\"Houzez_Banner_Image.default\">\n\t\t\t\t<div class=\"elementor-widget-container\">\n\t\t\t\t\t\n        <div class=\"banner-image-module\">\n                        \n            <img decoding=\"async\" class=\"img-fluid\" src=\"https:\/\/brunonevesimoveis.com.br\/wp-content\/uploads\/2025\/04\/foto-do-site-1024-1.png\" alt=\"\">\n                            <a class=\"banner-image-module-link\"><\/a>\n                    <\/div>\n        \n   \t\t\t\t<\/div>\n\t\t\t\t<\/div>\n\t\t\t\t\t<\/div>\n\t\t<\/div>\n\t\t\t\t\t<\/div>\n\t\t<\/section>\n\t\t\t\t<section class=\"elementor-section elementor-top-section elementor-element elementor-element-5c8d902 elementor-section-boxed elementor-section-height-default elementor-section-height-default\" data-id=\"5c8d902\" data-element_type=\"section\" data-e-type=\"section\" data-settings=\"{&quot;background_background&quot;:&quot;classic&quot;}\">\n\t\t\t\t\t\t<div class=\"elementor-container elementor-column-gap-default\">\n\t\t\t\t\t<div class=\"elementor-column elementor-col-33 elementor-top-column elementor-element elementor-element-02e4405\" data-id=\"02e4405\" data-element_type=\"column\" data-e-type=\"column\">\n\t\t\t<div class=\"elementor-widget-wrap elementor-element-populated\">\n\t\t\t\t\t\t<section class=\"elementor-section elementor-inner-section elementor-element elementor-element-91af39f elementor-section-boxed elementor-section-height-default elementor-section-height-default\" data-id=\"91af39f\" data-element_type=\"section\" data-e-type=\"section\">\n\t\t\t\t\t\t<div class=\"elementor-container elementor-column-gap-no\">\n\t\t\t\t\t<div class=\"elementor-column elementor-col-100 elementor-inner-column elementor-element elementor-element-4627469\" data-id=\"4627469\" data-element_type=\"column\" data-e-type=\"column\">\n\t\t\t<div class=\"elementor-widget-wrap elementor-element-populated\">\n\t\t\t\t\t\t<div class=\"elementor-element elementor-element-3cf1ca2 animated-slow elementor-button-align-stretch elementor-invisible elementor-widget elementor-widget-houzez_elementor_inquiry_form\" data-id=\"3cf1ca2\" data-element_type=\"widget\" data-e-type=\"widget\" data-settings=\"{&quot;_animation&quot;:&quot;fadeIn&quot;}\" data-widget_type=\"houzez_elementor_inquiry_form.default\">\n\t\t\t\t<div class=\"elementor-widget-container\">\n\t\t\t\t\t\n        <script type=\"application\/javascript\">\n            jQuery(document).bind(\"ready\", function () {\n                houzezValidateElementor(\"#houzez-form-3cf1ca2\" );\n            });\n        <\/script>\n\n\n        <form class=\"elementor-form houzez-ele-form-js\" id=\"houzez-form-3cf1ca2\" method=\"post\" name=\"New Form\" action=\"https:\/\/brunonevesimoveis.com.br\/wp-admin\/admin-ajax.php\">\n            <input type=\"hidden\" name=\"form_id\" value=\"3cf1ca2\"\/>\n            <input type=\"hidden\" name=\"action\" value=\"houzez_ele_inquiry_form\" \/>\n            <input type=\"hidden\" name=\"source_link\" value=\"https:\/\/brunonevesimoveis.com.br\/?page_id=43578\" \/>\n            <input type=\"hidden\" name=\"lead_page_id\" value=\"43578\" \/>\n            <input type=\"hidden\" name=\"is_estimation\" value=\"yes\" \/>\n            <input type=\"hidden\" name=\"webhook\" value=\"false\" \/>\n            <input type=\"hidden\" name=\"webhook_url\" value=\"\" \/>\n            <input type=\"hidden\" name=\"redirect_to\" value=\"\" \/>\n            <input type=\"hidden\" name=\"google_recaptcha\" value=\"yes\" \/>\n\n            <div class=\"elementor-form-fields-wrapper elementor-labels-above\">\n\n                                    <div class=\"elementor-field-group elementor-column form-group elementor-field-group-ba6c34c elementor-col-100 elementor-field-required\">\n                    <label for=\"form-field-ba6c34c\" class=\"elementor-field-label\">Tipo de consulta<\/label>        <div class=\"elementor-field elementor-select-wrapper\">\n            <select name=\"enquiry_type\" id=\"form-field-ba6c34c\" class=\"elementor-field-textual form-control elementor-size-md\" required=\"required\" title=\"* Tipo de consulta\">\n                <option value=\"\">Selecione<\/option><option value=\"Compra\">Compra<\/value><option value=\"Aluguel\"> Aluguel<\/value><option value=\"Venda\"> Venda<\/value><option value=\"Perda\"> Perda<\/value><option value=\"Avalia\u00e7\u00e3o\"> Avalia\u00e7\u00e3o<\/value><option value=\"Financiamento\"> Financiamento<\/value>            <\/select>\n        <\/div>\n                            <\/div>\n\n                                        <div class=\"elementor-field-group elementor-column form-group elementor-field-group-b7fe77d elementor-col-100 elementor-field-required\">\n                    <label for=\"form-field-b7fe77d\" class=\"elementor-field-label\">Quem sou<\/label>        <div class=\"elementor-field elementor-select-wrapper\">\n            <select name=\"user_type\" id=\"form-field-b7fe77d\" class=\"elementor-field-textual form-control elementor-size-md\" required=\"required\" title=\"* Quem sou\">\n                <option value=\"\">Selecione<\/option><option value=\"Eu sou proprietario\">Eu sou proprietario<\/option><option value=\"Eu sou comprador\">Eu sou comprador<\/option><option value=\"Eu sou vendedor\">Eu sou vendedor<\/option><option value=\"Eu sou advogado\">Eu sou advogado<\/option>            <\/select>\n        <\/div>\n                            <\/div>\n\n                                        <div class=\"elementor-field-group elementor-column form-group elementor-field-group-cc6b92f elementor-col-50 elementor-field-required\">\n                    <input type=\"text\" name=\"first_name\" id=\"form-field-cc6b92f\" class=\"elementor-field form-control elementor-size-md elementor-field-textual\" placeholder=\"Nome\" title=\"* Nome\" required=\"required\">                    <\/div>\n\n                                        <div class=\"elementor-field-group elementor-column form-group elementor-field-group-3cc124e elementor-col-50\">\n                    <input type=\"text\" name=\"last_name\" id=\"form-field-3cc124e\" class=\"elementor-field form-control elementor-size-md elementor-field-textual\" placeholder=\"Sobrenome\" title=\"* Sobrenome\">                    <\/div>\n\n                                        <div class=\"elementor-field-group elementor-column form-group elementor-field-group-932d82c elementor-col-50 elementor-field-required\">\n                    <input type=\"email\" name=\"email\" id=\"form-field-932d82c\" class=\"elementor-field form-control elementor-size-md elementor-field-textual\" placeholder=\"Email\" title=\"* Email\" required=\"required\">                    <\/div>\n\n                                        <div class=\"elementor-field-group elementor-column form-group elementor-field-group-304b68f elementor-col-50 elementor-field-required\">\n                    <input type=\"text\" name=\"e_meta[zipcode]\" id=\"form-field-304b68f\" class=\"elementor-field form-control elementor-size-md elementor-field-textual\" placeholder=\"CEP\" title=\"* CEP\" required=\"required\">                    <\/div>\n\n                    \n                    \n                    \n                                        <div class=\"\">\n                                            <\/div>\n                    \n                    <div class=\"elementor-field-group elementor-column elementor-field-type-submit elementor-col-100\">\n                    <button type=\"submit\" class=\"houzez-submit-button houzez-contact-form-js elementor-button elementor-size-md\">\n                        <i class=\"btn-loader houzez-loader-js\"><\/i>\n                                                    Enviar                                            <\/button>\n                <\/div>\n            <\/div><!-- End wrapper-->\n            <br\/>\n            <div class=\"ele-form-messages\"><\/div>\n            <div class=\"error-container\"><\/div>\n\n        <\/form>\n\n    \t\t\t\t<\/div>\n\t\t\t\t<\/div>\n\t\t\t\t<div class=\"elementor-element elementor-element-fba62f4 animated-slow elementor-mobile-align-center elementor-icon-list--layout-traditional elementor-list-item-link-full_width elementor-invisible elementor-widget elementor-widget-icon-list\" data-id=\"fba62f4\" data-element_type=\"widget\" data-e-type=\"widget\" data-settings=\"{&quot;_animation&quot;:&quot;fadeInUp&quot;}\" data-widget_type=\"icon-list.default\">\n\t\t\t\t<div class=\"elementor-widget-container\">\n\t\t\t\t\t\t\t<ul class=\"elementor-icon-list-items\">\n\t\t\t\t\t\t\t<li class=\"elementor-icon-list-item\">\n\t\t\t\t\t\t\t\t\t\t\t<span class=\"elementor-icon-list-icon\">\n\t\t\t\t\t\t\t<svg xmlns=\"http:\/\/www.w3.org\/2000\/svg\" xmlns:xlink=\"http:\/\/www.w3.org\/1999\/xlink\" width=\"50px\" height=\"60px\" viewBox=\"0 0 50 60\"><title>pin<\/title><g id=\"Page-1\" stroke=\"none\" stroke-width=\"1\" fill=\"none\" fill-rule=\"evenodd\" stroke-linecap=\"round\" stroke-linejoin=\"round\"><g id=\"pin\" transform=\"translate(2.500000, 1.885000)\" stroke=\"#E9AFA3\" stroke-width=\"3.75\"><circle id=\"Oval\" cx=\"22.5\" cy=\"22.4999997\" r=\"11.25\"><\/circle><path d=\"M45,22.5 C45,42.2499997 27.67,53.3274997 23.4275,55.7499997 C22.8519705,56.0787468 22.1455295,56.0787468 21.57,55.7499997 C17.3275,53.3249997 0,42.2449997 0,22.5 C0,10.0735929 10.0735933,0 22.5,0 C34.9264067,0 45,10.0735929 45,22.5 L45,22.5 Z\" id=\"Path\"><\/path><\/g><\/g><\/svg>\t\t\t\t\t\t<\/span>\n\t\t\t\t\t\t\t\t\t\t<span class=\"elementor-icon-list-text\">Niteroi, Rio de Janeiro<\/span>\n\t\t\t\t\t\t\t\t\t<\/li>\n\t\t\t\t\t\t\t\t<li class=\"elementor-icon-list-item\">\n\t\t\t\t\t\t\t\t\t\t\t<a href=\"https:\/\/wa.me\/+5521995226868\">\n\n\t\t\t\t\t\t\t\t\t\t\t\t<span class=\"elementor-icon-list-icon\">\n\t\t\t\t\t\t\t<svg xmlns=\"http:\/\/www.w3.org\/2000\/svg\" xmlns:xlink=\"http:\/\/www.w3.org\/1999\/xlink\" width=\"61px\" height=\"60px\" viewBox=\"0 0 61 60\"><title>whatsapp<\/title><g id=\"Page-1\" stroke=\"none\" stroke-width=\"1\" fill=\"none\" fill-rule=\"evenodd\" stroke-linecap=\"round\" stroke-linejoin=\"round\"><g id=\"whatsapp\" transform=\"translate(2.849903, 1.874634)\" stroke=\"#E9AFA3\" stroke-width=\"3.75\"><path d=\"M28.1500974,0.000182341952 C12.6779057,-0.0550144861 0.0827378056,12.4282958 4.84830522e-05,27.9003659 C-0.0109928697,33.7822696 1.86412236,39.5127619 5.3500974,44.2503659 L1.8500974,54.6253659 L12.6500974,51.2003659 C21.2640615,56.8565618 32.2801845,57.3539047 41.3687851,52.4969232 C50.4573857,47.6399417 56.1656677,38.2050154 56.2500974,27.9003659 C56.1674875,12.4478637 43.6027955,-0.0273998816 28.1500974,0.000182341952 M43.3250974,34.7753659 C43.1500974,34.4753659 42.6500974,34.2753659 41.9250974,33.9253659 C41.2000974,33.5753659 37.5750974,31.8003659 36.9250974,31.5503659 C36.2750974,31.3003659 35.7500974,31.1753659 35.2750974,31.9253659 C34.8000974,32.6753659 34.0250974,33.7503659 33.6000974,34.2253659 C33.1750974,34.7003659 32.7500974,34.7753659 32.0000974,34.4003659 C27.7220247,32.5361062 24.1122451,29.4146059 21.6500974,25.4503659 C21.2250974,24.7253659 21.6500974,24.3253659 21.9750974,23.9753659 C23.2000974,22.7503659 23.2250974,22.9253659 23.5250974,22.3253659 C23.7430191,21.9283011 23.7430191,21.4474307 23.5250974,21.0503659 C23.1500974,20.6253659 21.7750974,17.0753659 21.1500974,15.6253659 C20.5250974,14.1753659 17.3750974,13.9003659 16.1500974,15.2503659 C3.1500974,28.9503659 34.8250974,52.4253659 42.9250974,38.1253659 C43.6012833,37.1612369 43.7513576,35.9231247 43.3250974,34.8253659\" id=\"Shape\"><\/path><\/g><\/g><\/svg>\t\t\t\t\t\t<\/span>\n\t\t\t\t\t\t\t\t\t\t<span class=\"elementor-icon-list-text\">21 99522-6868<\/span>\n\t\t\t\t\t\t\t\t\t\t\t<\/a>\n\t\t\t\t\t\t\t\t\t<\/li>\n\t\t\t\t\t\t<\/ul>\n\t\t\t\t\t\t<\/div>\n\t\t\t\t<\/div>\n\t\t\t\t\t<\/div>\n\t\t<\/div>\n\t\t\t\t\t<\/div>\n\t\t<\/section>\n\t\t\t\t\t<\/div>\n\t\t<\/div>\n\t\t\t\t<div class=\"elementor-column elementor-col-66 elementor-top-column elementor-element elementor-element-5b34cc4\" data-id=\"5b34cc4\" data-element_type=\"column\" data-e-type=\"column\">\n\t\t\t<div class=\"elementor-widget-wrap elementor-element-populated\">\n\t\t\t\t\t\t<section class=\"elementor-section elementor-inner-section elementor-element elementor-element-9439080 elementor-section-boxed elementor-section-height-default elementor-section-height-default\" data-id=\"9439080\" data-element_type=\"section\" data-e-type=\"section\">\n\t\t\t\t\t\t<div class=\"elementor-container elementor-column-gap-default\">\n\t\t\t\t\t<div class=\"elementor-column elementor-col-100 elementor-inner-column elementor-element elementor-element-80dbb2b\" data-id=\"80dbb2b\" data-element_type=\"column\" data-e-type=\"column\">\n\t\t\t<div class=\"elementor-widget-wrap elementor-element-populated\">\n\t\t\t\t\t\t<div class=\"elementor-element elementor-element-c8958f0 animated-slow elementor-invisible elementor-widget elementor-widget-heading\" data-id=\"c8958f0\" data-element_type=\"widget\" data-e-type=\"widget\" data-settings=\"{&quot;_animation&quot;:&quot;fadeIn&quot;}\" data-widget_type=\"heading.default\">\n\t\t\t\t<div class=\"elementor-widget-container\">\n\t\t\t\t\t<h2 class=\"elementor-heading-title elementor-size-default\">Obtenha uma estimativa do valor da sua casa<\/h2>\t\t\t\t<\/div>\n\t\t\t\t<\/div>\n\t\t\t\t<div class=\"elementor-element elementor-element-b813646 animated-slow elementor-invisible elementor-widget elementor-widget-heading\" data-id=\"b813646\" data-element_type=\"widget\" data-e-type=\"widget\" data-settings=\"{&quot;_animation&quot;:&quot;fadeIn&quot;}\" data-widget_type=\"heading.default\">\n\t\t\t\t<div class=\"elementor-widget-container\">\n\t\t\t\t\t<h1 class=\"elementor-heading-title elementor-size-default\">Quanto vale meu im\u00f3vel?\u200b<\/h1>\t\t\t\t<\/div>\n\t\t\t\t<\/div>\n\t\t\t\t<div class=\"elementor-element elementor-element-48cacbe animated-slow elementor-invisible elementor-widget elementor-widget-text-editor\" data-id=\"48cacbe\" data-element_type=\"widget\" data-e-type=\"widget\" data-settings=\"{&quot;_animation&quot;:&quot;fadeIn&quot;}\" data-widget_type=\"text-editor.default\">\n\t\t\t\t<div class=\"elementor-widget-container\">\n\t\t\t\t\t\t\t\t\t<p>Posso te ajudar voc\u00ea a vender sua casa e principalmente fazer a avalia\u00e7\u00e3o. Cuido da busca por um comprador, da prepara\u00e7\u00e3o do im\u00f3vel e da negocia\u00e7\u00e3o do pre\u00e7o. Posso ajudar voc\u00ea a vender sua casa. Obtenha um or\u00e7amento gratuito do valor do seu im\u00f3vel e saiba mais sobre como vend\u00ea-lo. Ligue hoje mesmo para mais informa\u00e7\u00f5es!<\/p>\t\t\t\t\t\t\t\t<\/div>\n\t\t\t\t<\/div>\n\t\t\t\t<div class=\"elementor-element elementor-element-f8682f8 animated-slow elementor-invisible elementor-widget elementor-widget-heading\" data-id=\"f8682f8\" data-element_type=\"widget\" data-e-type=\"widget\" data-settings=\"{&quot;_animation&quot;:&quot;fadeIn&quot;}\" data-widget_type=\"heading.default\">\n\t\t\t\t<div class=\"elementor-widget-container\">\n\t\t\t\t\t<h2 class=\"elementor-heading-title elementor-size-default\">Aqui est\u00e3o as perguntas mais frequentes sobre a venda da sua casa<\/h2>\t\t\t\t<\/div>\n\t\t\t\t<\/div>\n\t\t\t\t<div class=\"elementor-element elementor-element-21c7ed0 elementor-widget elementor-widget-toggle\" data-id=\"21c7ed0\" data-element_type=\"widget\" data-e-type=\"widget\" data-widget_type=\"toggle.default\">\n\t\t\t\t<div class=\"elementor-widget-container\">\n\t\t\t\t\t\t\t<div class=\"elementor-toggle\">\n\t\t\t\t\t\t\t<div class=\"elementor-toggle-item\">\n\t\t\t\t\t<div id=\"elementor-tab-title-3541\" class=\"elementor-tab-title\" data-tab=\"1\" role=\"button\" aria-controls=\"elementor-tab-content-3541\" aria-expanded=\"false\">\n\t\t\t\t\t\t\t\t\t\t\t\t<span class=\"elementor-toggle-icon elementor-toggle-icon-left\" aria-hidden=\"true\">\n\t\t\t\t\t\t\t\t\t\t\t\t\t\t\t<span class=\"elementor-toggle-icon-closed\"><svg class=\"e-font-icon-svg e-fas-caret-right\" viewBox=\"0 0 192 512\" xmlns=\"http:\/\/www.w3.org\/2000\/svg\"><path d=\"M0 384.662V127.338c0-17.818 21.543-26.741 34.142-14.142l128.662 128.662c7.81 7.81 7.81 20.474 0 28.284L34.142 398.804C21.543 411.404 0 402.48 0 384.662z\"><\/path><\/svg><\/span>\n\t\t\t\t\t\t\t\t<span class=\"elementor-toggle-icon-opened\"><svg class=\"elementor-toggle-icon-opened e-font-icon-svg e-fas-caret-up\" viewBox=\"0 0 320 512\" xmlns=\"http:\/\/www.w3.org\/2000\/svg\"><path d=\"M288.662 352H31.338c-17.818 0-26.741-21.543-14.142-34.142l128.662-128.662c7.81-7.81 20.474-7.81 28.284 0l128.662 128.662c12.6 12.599 3.676 34.142-14.142 34.142z\"><\/path><\/svg><\/span>\n\t\t\t\t\t\t\t\t\t\t\t\t\t<\/span>\n\t\t\t\t\t\t\t\t\t\t\t\t<a class=\"elementor-toggle-title\" tabindex=\"0\">Tenho boas chances de vender meu im\u00f3vel?<\/a>\n\t\t\t\t\t<\/div>\n\n\t\t\t\t\t<div id=\"elementor-tab-content-3541\" class=\"elementor-tab-content elementor-clearfix\" data-tab=\"1\" role=\"region\" aria-labelledby=\"elementor-tab-title-3541\"><p>Ol\u00e1, entendo sua busca por clareza sobre a chance de venda do seu im\u00f3vel. Como Corretor de Im\u00f3veis e Avaliador Profissional posso te ajudar a analisar a possibilidade por\u00e9m precisamos analisar alguns fatores como localiza\u00e7\u00e3o, pontos fortes e fracos da regi\u00e3o, caracteristicas do im\u00f3vel, documenta\u00e7\u00e3o do im\u00f3vel, momento do mercado e principalmente o pre\u00e7o do mercado do seu im\u00f3vel.<\/p><\/div>\n\t\t\t\t<\/div>\n\t\t\t\t\t\t\t<div class=\"elementor-toggle-item\">\n\t\t\t\t\t<div id=\"elementor-tab-title-3542\" class=\"elementor-tab-title\" data-tab=\"2\" role=\"button\" aria-controls=\"elementor-tab-content-3542\" aria-expanded=\"false\">\n\t\t\t\t\t\t\t\t\t\t\t\t<span class=\"elementor-toggle-icon elementor-toggle-icon-left\" aria-hidden=\"true\">\n\t\t\t\t\t\t\t\t\t\t\t\t\t\t\t<span class=\"elementor-toggle-icon-closed\"><svg class=\"e-font-icon-svg e-fas-caret-right\" viewBox=\"0 0 192 512\" xmlns=\"http:\/\/www.w3.org\/2000\/svg\"><path d=\"M0 384.662V127.338c0-17.818 21.543-26.741 34.142-14.142l128.662 128.662c7.81 7.81 7.81 20.474 0 28.284L34.142 398.804C21.543 411.404 0 402.48 0 384.662z\"><\/path><\/svg><\/span>\n\t\t\t\t\t\t\t\t<span class=\"elementor-toggle-icon-opened\"><svg class=\"elementor-toggle-icon-opened e-font-icon-svg e-fas-caret-up\" viewBox=\"0 0 320 512\" xmlns=\"http:\/\/www.w3.org\/2000\/svg\"><path d=\"M288.662 352H31.338c-17.818 0-26.741-21.543-14.142-34.142l128.662-128.662c7.81-7.81 20.474-7.81 28.284 0l128.662 128.662c12.6 12.599 3.676 34.142-14.142 34.142z\"><\/path><\/svg><\/span>\n\t\t\t\t\t\t\t\t\t\t\t\t\t<\/span>\n\t\t\t\t\t\t\t\t\t\t\t\t<a class=\"elementor-toggle-title\" tabindex=\"0\">Que informa\u00e7\u00f5es devo fornecer aos compradores?<\/a>\n\t\t\t\t\t<\/div>\n\n\t\t\t\t\t<div id=\"elementor-tab-content-3542\" class=\"elementor-tab-content elementor-clearfix\" data-tab=\"2\" role=\"region\" aria-labelledby=\"elementor-tab-title-3542\"><p>Os compradores s\u00e3o a parte crucial da negocia\u00e7\u00e3o assim temos que ter transpar\u00eancia e propor confian\u00e7a no processo. Algumas informa\u00e7\u00f5es s\u00e3o essenciais como\u00a0 descri\u00e7\u00e3o detalhada do im\u00f3vel, caracter\u00edsticas que agregam o im\u00f3vel espec\u00edfico, informa\u00e7\u00f5es da localiza\u00e7\u00e3o e infraestrutura, custos poss\u00edveis da negocia\u00e7\u00e3o e principalmente a documenta\u00e7\u00e3o do im\u00f3vel. Trazendo todas as informa\u00e7\u00f5es poss\u00edveis para fazer uma negocia\u00e7\u00e3o bem sucedida.\u00a0\u00a0<\/p><\/div>\n\t\t\t\t<\/div>\n\t\t\t\t\t\t\t<div class=\"elementor-toggle-item\">\n\t\t\t\t\t<div id=\"elementor-tab-title-3543\" class=\"elementor-tab-title\" data-tab=\"3\" role=\"button\" aria-controls=\"elementor-tab-content-3543\" aria-expanded=\"false\">\n\t\t\t\t\t\t\t\t\t\t\t\t<span class=\"elementor-toggle-icon elementor-toggle-icon-left\" aria-hidden=\"true\">\n\t\t\t\t\t\t\t\t\t\t\t\t\t\t\t<span class=\"elementor-toggle-icon-closed\"><svg class=\"e-font-icon-svg e-fas-caret-right\" viewBox=\"0 0 192 512\" xmlns=\"http:\/\/www.w3.org\/2000\/svg\"><path d=\"M0 384.662V127.338c0-17.818 21.543-26.741 34.142-14.142l128.662 128.662c7.81 7.81 7.81 20.474 0 28.284L34.142 398.804C21.543 411.404 0 402.48 0 384.662z\"><\/path><\/svg><\/span>\n\t\t\t\t\t\t\t\t<span class=\"elementor-toggle-icon-opened\"><svg class=\"elementor-toggle-icon-opened e-font-icon-svg e-fas-caret-up\" viewBox=\"0 0 320 512\" xmlns=\"http:\/\/www.w3.org\/2000\/svg\"><path d=\"M288.662 352H31.338c-17.818 0-26.741-21.543-14.142-34.142l128.662-128.662c7.81-7.81 20.474-7.81 28.284 0l128.662 128.662c12.6 12.599 3.676 34.142-14.142 34.142z\"><\/path><\/svg><\/span>\n\t\t\t\t\t\t\t\t\t\t\t\t\t<\/span>\n\t\t\t\t\t\t\t\t\t\t\t\t<a class=\"elementor-toggle-title\" tabindex=\"0\">Quanto custa uma vistoria residencial?<\/a>\n\t\t\t\t\t<\/div>\n\n\t\t\t\t\t<div id=\"elementor-tab-content-3543\" class=\"elementor-tab-content elementor-clearfix\" data-tab=\"3\" role=\"region\" aria-labelledby=\"elementor-tab-title-3543\"><p>O valor de uma vistoria residencial pode variar dependendo de alguns fatores, como tamanho do im\u00f3vel, a finalidade da vistoria (se \u00e9 para loca\u00e7\u00e3o, compra e venda, judicial, etc) e o n\u00edvel de detalhamento exigido.\u00a0 Assim busco explicar e detalhar todos os meus trabalhos para trazer confian\u00e7a.<\/p><\/div>\n\t\t\t\t<\/div>\n\t\t\t\t\t\t\t\t<\/div>\n\t\t\t\t\t\t<\/div>\n\t\t\t\t<\/div>\n\t\t\t\t<div class=\"elementor-element elementor-element-dd20e54 elementor-widget elementor-widget-spacer\" data-id=\"dd20e54\" data-element_type=\"widget\" data-e-type=\"widget\" data-widget_type=\"spacer.default\">\n\t\t\t\t<div class=\"elementor-widget-container\">\n\t\t\t\t\t\t\t<div class=\"elementor-spacer\">\n\t\t\t<div class=\"elementor-spacer-inner\"><\/div>\n\t\t<\/div>\n\t\t\t\t\t\t<\/div>\n\t\t\t\t<\/div>\n\t\t\t\t\t<\/div>\n\t\t<\/div>\n\t\t\t\t\t<\/div>\n\t\t<\/section>\n\t\t\t\t\t<\/div>\n\t\t<\/div>\n\t\t\t\t\t<\/div>\n\t\t<\/section>\n\t\t\t\t<\/div>\n\t\t","protected":false},"excerpt":{"rendered":"<p>Tipo de consulta SelecioneCompra Aluguel Venda Perda Avalia\u00e7\u00e3o Financiamento Quem sou SelecioneEu sou proprietarioEu sou compradorEu sou vendedorEu sou advogado Enviar pin Niteroi, Rio de Janeiro whatsapp 21 99522-6868 Obtenha uma estimativa do valor da sua casa Quanto vale meu im\u00f3vel?\u200b Posso te ajudar voc\u00ea a vender sua casa e principalmente fazer a avalia\u00e7\u00e3o. Cuido [&hellip;]<\/p>\n","protected":false},"author":1,"featured_media":0,"parent":0,"menu_order":0,"comment_status":"closed","ping_status":"closed","template":"elementor_header_footer","meta":{"content-type":"","_joinchat":[],"footnotes":""},"class_list":["post-43578","page","type-page","status-publish","hentry"],"aioseo_notices":[],"_links":{"self":[{"href":"https:\/\/brunonevesimoveis.com.br\/index.php?rest_route=\/wp\/v2\/pages\/43578","targetHints":{"allow":["GET"]}}],"collection":[{"href":"https:\/\/brunonevesimoveis.com.br\/index.php?rest_route=\/wp\/v2\/pages"}],"about":[{"href":"https:\/\/brunonevesimoveis.com.br\/index.php?rest_route=\/wp\/v2\/types\/page"}],"author":[{"embeddable":true,"href":"https:\/\/brunonevesimoveis.com.br\/index.php?rest_route=\/wp\/v2\/users\/1"}],"replies":[{"embeddable":true,"href":"https:\/\/brunonevesimoveis.com.br\/index.php?rest_route=%2Fwp%2Fv2%2Fcomments&post=43578"}],"version-history":[{"count":55,"href":"https:\/\/brunonevesimoveis.com.br\/index.php?rest_route=\/wp\/v2\/pages\/43578\/revisions"}],"predecessor-version":[{"id":45635,"href":"https:\/\/brunonevesimoveis.com.br\/index.php?rest_route=\/wp\/v2\/pages\/43578\/revisions\/45635"}],"wp:attachment":[{"href":"https:\/\/brunonevesimoveis.com.br\/index.php?rest_route=%2Fwp%2Fv2%2Fmedia&parent=43578"}],"curies":[{"name":"wp","href":"https:\/\/api.w.org\/{rel}","templated":true}]}}